{"id":2385,"date":"2025-03-26T13:45:23","date_gmt":"2025-03-26T12:45:23","guid":{"rendered":"https:\/\/eurosalesman.com\/?post_type=product&#038;p=2385"},"modified":"2025-03-26T13:48:59","modified_gmt":"2025-03-26T12:48:59","slug":"local-market-dominator-bundle","status":"publish","type":"product","link":"https:\/\/eurosalesman.com\/sv\/services\/local-market-dominator-bundle\/","title":{"rendered":"Dominatorpaket f\u00f6r lokal marknad"},"content":{"rendered":"<section class=\"package-content\">\n<div class=\"two-column-container\">\n<p><!-- Left Column: How It Works --><\/p>\n<div class=\"first column\">\n<h3>Hur det fungerar<\/h3>\n<dl class=\"steps\">\n<dt>Steg 1:<\/dt>\n<dd>Vi utf\u00f6r en djupg\u00e5ende lokal marknadsanalys, f\u00f6rfinar s\u00f6kordsstrategier och lanserar avancerad lokal SEO, citeringsbyggnad och dom\u00e4nregistrering.<\/dd>\n<dt>Steg 2:<\/dt>\n<dd>V\u00e5rt team hanterar Ads och dedikerade kampanjer med stora volymer, inklusive retargeting och AI-drivet skapande av annonstexter.<\/dd>\n<dt>Steg 3:<\/dt>\n<dd>Vi s\u00e4krar 40 premium-bakl\u00e4nkar med h\u00f6g relevans varje m\u00e5nad och optimerar kontinuerligt baserat p\u00e5 ranking och trafikprestanda.<\/dd>\n<dt>Steg 4:<\/dt>\n<dd>Du f\u00e5r tillg\u00e5ng till din instrumentpanel dygnet runt och deltar i ett m\u00e5natligt strategisamtal med din marknadsf\u00f6ringsexpert f\u00f6r att granska resultaten och f\u00f6rfina kampanjerna.<\/dd>\n<\/dl>\n<\/div>\n<p><!-- Right Column: What You Get --><\/p>\n<div class=\"column\">\n<h3>Vad du f\u00e5r<\/h3>\n<dl class=\"what-you-get\">\n<dt>Premium lokal SEO-kraft<\/dt>\n<dd>40 topprankade bak\u00e5tl\u00e4nkar varje m\u00e5nad, djup lokal SEO och kontinuerlig optimering f\u00f6r dominans i dina viktigaste lokala s\u00f6ktermer.<\/dd>\n<dt>Omnikanalannonseringens dominans<\/dt>\n<dd>Riktade klick med Ads och nya annonsupps\u00e4ttningar som drivs av exklusiva AI-genererade annonstexter.<\/dd>\n<dt>24\/7 Dashboard och expertstrategi<\/dt>\n<dd>Instrumentpanel med full tillg\u00e5ng till resultat samt m\u00e5natliga strategigenomg\u00e5ngssamtal med din dedikerade marknadsf\u00f6ringsexpert.<\/dd>\n<dt>Exklusiva Eurosalesman\u00ae-f\u00f6rdelar<\/dt>\n<dd>Varum\u00e4rkeskonsultation, hantering av s\u00e4kra lokala dom\u00e4ner (ccTLD) och kvartalsvis AI-genererat inneh\u00e5ll som \u00e4r anpassat till ditt varum\u00e4rke och din marknad.<\/dd>\n<\/dl>\n<\/div>\n<\/div>\n<\/section>","protected":false},"excerpt":{"rendered":"<p class=\"\" data-start=\"253\" data-end=\"601\">Den <strong data-start=\"257\" data-end=\"290\">Dominatorpaket f\u00f6r lokal marknad<\/strong> \u00e4r byggd f\u00f6r f\u00f6retag som \u00e4r redo att leda sin lokala marknad med en <strong data-start=\"355\" data-end=\"393\">omfattande, allt-i-ett-strategi<\/strong>. Kombinera <strong data-start=\"405\" data-end=\"515\">premium off-page SEO, omnichannel-annonser med h\u00f6g volym, expertkonsultation och exklusiva varum\u00e4rkesf\u00f6rdelar<\/strong>ger det h\u00e4r paketet ditt varum\u00e4rke allt det beh\u00f6ver f\u00f6r att \u00f6vertr\u00e4ffa lokala konkurrenter.<\/p>\n<p class=\"\" data-start=\"603\" data-end=\"962\">Med <strong data-start=\"608\" data-end=\"728\">40 backlinks med h\u00f6g relevans varje m\u00e5nad, avancerad lokal SEO-hantering och riktade annonskampanjer<\/strong>f\u00e5r ditt f\u00f6retag maximal synlighet, f\u00f6rtroende och engagemang. <strong data-start=\"793\" data-end=\"846\">AI-driven annonsering och kvartalsvis skapande av inneh\u00e5ll<\/strong> ser till att du h\u00e5ller dig sk\u00e4rpt, medan <strong data-start=\"876\" data-end=\"932\">varum\u00e4rkeskonsultation och lokal dom\u00e4nregistrering<\/strong> ger ett varaktigt skydd.<\/p>\n<p class=\"\" data-start=\"964\" data-end=\"1148\"><strong data-start=\"964\" data-end=\"1065\">F\u00f6lj upp resultatet 24\/7 och f\u00f6rfina din strategi varje m\u00e5nad med din dedikerade marknadsf\u00f6ringsexpert.<\/strong> Detta \u00e4r din fullservicel\u00f6sning f\u00f6r <strong data-start=\"1105\" data-end=\"1147\">h\u00e5llbar lokal dominans och tillv\u00e4xt<\/strong>.<\/p>","protected":false},"featured_media":2382,"comment_status":"closed","ping_status":"closed","template":"","meta":{"_seopress_robots_primary_cat":"","_seopress_titles_title":"","_seopress_titles_desc":"","_seopress_robots_index":""},"product_brand":[],"product_cat":[41],"product_tag":[],"class_list":{"0":"post-2385","1":"product","2":"type-product","3":"status-publish","4":"has-post-thumbnail","6":"product_cat-bundle","8":"first","9":"instock","10":"shipping-taxable","11":"purchasable","12":"product-type-simple"},"_links":{"self":[{"href":"https:\/\/eurosalesman.com\/sv\/wp-json\/wp\/v2\/product\/2385","targetHints":{"allow":["GET"]}}],"collection":[{"href":"https:\/\/eurosalesman.com\/sv\/wp-json\/wp\/v2\/product"}],"about":[{"href":"https:\/\/eurosalesman.com\/sv\/wp-json\/wp\/v2\/types\/product"}],"replies":[{"embeddable":true,"href":"https:\/\/eurosalesman.com\/sv\/wp-json\/wp\/v2\/comments?post=2385"}],"wp:featuredmedia":[{"embeddable":true,"href":"https:\/\/eurosalesman.com\/sv\/wp-json\/wp\/v2\/media\/2382"}],"wp:attachment":[{"href":"https:\/\/eurosalesman.com\/sv\/wp-json\/wp\/v2\/media?parent=2385"}],"wp:term":[{"taxonomy":"product_brand","embeddable":true,"href":"https:\/\/eurosalesman.com\/sv\/wp-json\/wp\/v2\/product_brand?post=2385"},{"taxonomy":"product_cat","embeddable":true,"href":"https:\/\/eurosalesman.com\/sv\/wp-json\/wp\/v2\/product_cat?post=2385"},{"taxonomy":"product_tag","embeddable":true,"href":"https:\/\/eurosalesman.com\/sv\/wp-json\/wp\/v2\/product_tag?post=2385"}],"curies":[{"name":"wp","href":"https:\/\/api.w.org\/{rel}","templated":true}]}}